{"id":2,"date":"2019-09-05T08:43:56","date_gmt":"2019-09-05T08:43:56","guid":{"rendered":"http:\/\/www.softgam.net\/?p=2"},"modified":"2022-05-08T19:28:42","modified_gmt":"2022-05-08T19:28:42","slug":"enterprise","status":"publish","type":"page","link":"https:\/\/www.softgam.net\/?page_id=2","title":{"rendered":"Enterprise"},"content":{"rendered":"<h1>Endless Possibilities With<br class=\"uk-visible@s\"> SoftGam team<\/h1>\n<div>un especialista en cada \u00e1rea, te dar\u00e1 la mejor soluci\u00f3n.<\/div>\n<p>\n    <a href=\"\/index.php?page_id=21\">Explicanos<\/a>\n<\/p>\n<ul>\n<li>\n<p>        <img decoding=\"async\" src=\"\/wp-content\/uploads\/yootheme\/icon-powerful-api.svg\" alt=\"\"><\/p>\n<div>Powerful API<\/div>\n<p><a href=\"#powerful-api\"><\/a><\/p>\n<\/li>\n<li>\n<p>        <img decoding=\"async\" src=\"\/wp-content\/uploads\/yootheme\/icon-efficient-workflow.svg\" alt=\"\"><\/p>\n<div>Efficient Workflow<\/div>\n<p><a href=\"#devops\"><\/a><\/p>\n<\/li>\n<li>\n<p>        <img decoding=\"async\" src=\"\/wp-content\/uploads\/yootheme\/icon-project-management.svg\" alt=\"\"><\/p>\n<div>Project Management<\/div>\n<p><a href=\"#project-management\"><\/a><\/p>\n<\/li>\n<li>\n<p>        <img decoding=\"async\" src=\"\/wp-content\/uploads\/yootheme\/icon-collaboration.svg\" alt=\"\"><\/p>\n<div>Collaboration<\/div>\n<p><a href=\"#collaboration\"><\/a><\/p>\n<\/li>\n<li>\n<p>        <img decoding=\"async\" src=\"\/wp-content\/uploads\/yootheme\/icon-client-stories.svg\" alt=\"\"><\/p>\n<div>Customer Stories<\/div>\n<p><a href=\"#testimonials\"><\/a><\/p>\n<\/li>\n<li>\n<p>        <img decoding=\"async\" src=\"\/wp-content\/uploads\/yootheme\/icon-community.svg\" alt=\"\"><\/p>\n<div>Community<\/div>\n<p><a href=\"#community\"><\/a><\/p>\n<\/li>\n<\/ul>\n<h2>Powerful API for Clean Code<\/h2>\n<div>\n<p>nuestro c\u00f3digo nuestra carta de presentaci\u00f3n<\/p>\n<\/div>\n<div>\n<h3>Fast Code Delivery<\/h3>\n<div>\n<p>consumir tiempo en el an\u00e1lisi es ganar tiempo en c\u00f3digo<\/p>\n<\/div>\n<\/div>\n<p><img decoding=\"async\" src=\"\/wp-content\/uploads\/yootheme\/enterprise-feature-api.svg\" alt=\"\"><br \/>\n<img decoding=\"async\" src=\"\/wp-content\/uploads\/yootheme\/enterprise-feature-efficient-workflow.svg\" alt=\"\"><br \/>\n<img decoding=\"async\" src=\"\/wp-content\/uploads\/yootheme\/background-square-02.png\" alt=\"\"><\/p>\n<hr>\n<p><img decoding=\"async\" src=\"\/wp-content\/uploads\/yootheme\/enterprise-feature-collaboration.svg\" alt=\"\"><br \/>\n<img decoding=\"async\" src=\"\/wp-content\/uploads\/yootheme\/enterprise-feature-enterprise-cloud.svg\" alt=\"\"><br \/>\n<img decoding=\"async\" src=\"\/wp-content\/uploads\/yootheme\/enterprise-feature-enterprise-cloud-floating-icon.svg\" alt=\"\"><\/p>\n<h2>Trusted By Clients<br class=\"uk-visible@m\"> and Industry Experts Alike<\/h2>\n<p>\n    <a href=\"\/index.php?post_type=post\">See All Custumer Stories<\/a>\n<\/p>\n<div>\n<\/div>\n<p><img decoding=\"async\" src=\"\/wp-content\/uploads\/yootheme\/background-square-01.png\" alt=\"\"><br \/>\n<img decoding=\"async\" src=\"\/wp-content\/uploads\/yootheme\/background-square-05.png\" alt=\"\"><\/p>\n<hr>\n<p><!--more--><br \/>\n<!-- {\"type\":\"layout\",\"children\":[{\"type\":\"section\",\"props\":{\"style\":\"primary\",\"width\":\"default\",\"vertical_align\":\"middle\",\"title_position\":\"top-left\",\"title_rotation\":\"left\",\"title_breakpoint\":\"xl\",\"image_position\":\"center-center\",\"header_transparent\":\"light\",\"header_transparent_noplaceholder\":false,\"padding_remove_bottom\":false,\"padding\":\"large\",\"overlap\":true,\"animation\":\"slide-bottom-medium\",\"animation_delay\":\"100\"},\"children\":[{\"type\":\"row\",\"children\":[{\"type\":\"column\",\"props\":{\"image_position\":\"center-center\",\"media_overlay_gradient\":\"\",\"position_sticky_breakpoint\":\"m\"},\"children\":[{\"type\":\"headline\",\"props\":{\"title_element\":\"h1\",\"content\":\"Endless Possibilities With<br class=\\\"uk-visible@s\\\"> SoftGam team\",\"text_align\":\"center\",\"title_style\":\"heading-small\",\"margin\":\"remove-vertical\"}},{\"type\":\"text\",\"props\":{\"margin\":\"default\",\"column_breakpoint\":\"m\",\"content\":\"un especialista en cada \\u00e1rea, te dar\\u00e1 la mejor soluci\\u00f3n.\",\"text_align\":\"center\",\"maxwidth\":\"xlarge\",\"block_align\":\"center\",\"text_style\":\"lead\"}},{\"type\":\"button\",\"props\":{\"grid_column_gap\":\"small\",\"grid_row_gap\":\"small\",\"margin\":\"medium\",\"text_align\":\"center\",\"button_size\":\"large\",\"css\":\"@media (max-width: 639px) {\\n    .el-item a { min-width: 192px; }\\n}\"},\"children\":[{\"type\":\"button_item\",\"props\":{\"button_style\":\"default\",\"icon_align\":\"left\",\"content\":\"Explicanos\",\"link\":\"index.php?page_id=21\"}}]},{\"type\":\"panel-slider\",\"props\":{\"show_title\":true,\"show_meta\":true,\"show_content\":true,\"show_image\":true,\"show_link\":true,\"slider_width\":\"\",\"slider_width_default\":\"1-1\",\"slider_width_medium\":\"1-3\",\"slider_gap\":\"default\",\"slider_autoplay_pause\":true,\"nav\":\"\",\"nav_align\":\"center\",\"nav_breakpoint\":\"s\",\"slidenav\":\"outside\",\"slidenav_margin\":\"medium\",\"slidenav_breakpoint\":\"xl\",\"slidenav_outside_breakpoint\":\"xl\",\"panel_card_match\":true,\"title_hover_style\":\"reset\",\"title_element\":\"div\",\"title_align\":\"top\",\"title_grid_width\":\"1-2\",\"title_grid_breakpoint\":\"m\",\"meta_style\":\"meta\",\"meta_align\":\"below-title\",\"meta_element\":\"div\",\"content_column_breakpoint\":\"m\",\"icon_width\":80,\"image_align\":\"top\",\"image_grid_width\":\"1-2\",\"image_grid_breakpoint\":\"m\",\"image_svg_color\":\"emphasis\",\"link_text\":\"\",\"link_style\":\"default\",\"margin\":\"xlarge\",\"image_svg_inline\":true,\"css\":\".el-image {\\n    transition: transform .6s cubic-bezier(.16,1,.3,1);\\n}\\n\\n.el-item:hover img, .el-item:hover svg  { transform: translateY(-6px); }\\n\\n.el-element .uk-slider-items { justify-content: center; }\",\"image_width\":\"58\",\"slider_center\":false,\"text_align\":\"center\",\"block_align\":\"center\",\"slider_sets\":false,\"slider_finite\":true,\"class\":\"\",\"panel_link\":true},\"children\":[{\"type\":\"panel-slider_item\",\"props\":{\"title\":\"Powerful API\",\"image\":\"wp-content\\\/uploads\\\/yootheme\\\/icon-powerful-api.svg\",\"content\":\"\",\"link\":\"#powerful-api\"}},{\"type\":\"panel-slider_item\",\"props\":{\"title\":\"Efficient Workflow\",\"image\":\"wp-content\\\/uploads\\\/yootheme\\\/icon-efficient-workflow.svg\",\"content\":\"\",\"link\":\"#devops\"}},{\"type\":\"panel-slider_item\",\"props\":{\"title\":\"Project Management\",\"image\":\"wp-content\\\/uploads\\\/yootheme\\\/icon-project-management.svg\",\"content\":\"\",\"link\":\"#project-management\"}},{\"type\":\"panel-slider_item\",\"props\":{\"title\":\"Collaboration\",\"image\":\"wp-content\\\/uploads\\\/yootheme\\\/icon-collaboration.svg\",\"content\":\"\",\"link\":\"#collaboration\"}},{\"type\":\"panel-slider_item\",\"props\":{\"title\":\"Customer Stories\",\"image\":\"wp-content\\\/uploads\\\/yootheme\\\/icon-client-stories.svg\",\"content\":\"\",\"link\":\"#testimonials\"}},{\"type\":\"panel-slider_item\",\"props\":{\"title\":\"Community\",\"image\":\"wp-content\\\/uploads\\\/yootheme\\\/icon-community.svg\",\"content\":\"\",\"link\":\"#community\"}}]}]}],\"props\":{\"margin\":\"large\"}}],\"name\":\"Hero\"},{\"type\":\"section\",\"props\":{\"style\":\"default\",\"width\":\"large\",\"vertical_align\":\"middle\",\"title_position\":\"top-left\",\"title_rotation\":\"left\",\"title_breakpoint\":\"xl\",\"image_position\":\"center-center\",\"padding\":\"large\",\"padding_remove_bottom\":true,\"id\":\"powerful-api\",\"animation_delay\":\"200\",\"animation\":\"fade\"},\"children\":[{\"type\":\"row\",\"children\":[{\"type\":\"column\",\"props\":{\"image_position\":\"center-center\",\"media_overlay_gradient\":\"\",\"position_sticky_breakpoint\":\"m\"},\"children\":[{\"type\":\"headline\",\"props\":{\"title_element\":\"h2\",\"content\":\"Powerful API for Clean Code\",\"text_align\":\"center\",\"title_style\":\"h1\",\"animation\":\"none\"}},{\"type\":\"text\",\"props\":{\"margin\":\"default\",\"column_breakpoint\":\"m\",\"content\":\"\n\n<p>nuestro c\\u00f3digo nuestra carta de presentaci\\u00f3n<\\\/p>\",\"text_align\":\"center\",\"maxwidth\":\"xlarge\",\"block_align\":\"center\",\"text_style\":\"lead\",\"animation\":\"none\"}}]}],\"props\":{\"margin_remove_bottom\":false,\"margin\":\"large\"}},{\"type\":\"row\",\"props\":{\"layout\":\"1-3,1-3,1-3\",\"margin\":\"xlarge\",\"column_gap\":\"small\",\"margin_remove_top\":true,\"row_gap\":\"large\"},\"children\":[{\"type\":\"column\",\"props\":{\"image_position\":\"center-center\",\"media_overlay_gradient\":\"\",\"width_medium\":\"1-3\",\"vertical_align\":\"middle\",\"width_small\":\"1-2\",\"width_large\":\"expand\",\"order_first\":\"m\",\"position_sticky_breakpoint\":\"m\"},\"children\":[{\"type\":\"grid\",\"props\":{\"show_title\":true,\"show_meta\":true,\"show_content\":true,\"show_image\":true,\"show_link\":true,\"grid_default\":\"1\",\"grid_medium\":\"\",\"filter_style\":\"tab\",\"filter_all\":true,\"filter_position\":\"top\",\"filter_align\":\"left\",\"filter_grid_width\":\"auto\",\"filter_grid_breakpoint\":\"m\",\"title_hover_style\":\"reset\",\"title_element\":\"h3\",\"title_align\":\"top\",\"title_grid_width\":\"1-2\",\"title_grid_breakpoint\":\"m\",\"meta_style\":\"meta\",\"meta_align\":\"below-title\",\"meta_element\":\"div\",\"content_column_breakpoint\":\"m\",\"icon_width\":80,\"image_align\":\"top\",\"image_grid_width\":\"1-2\",\"image_grid_breakpoint\":\"m\",\"image_svg_color\":\"emphasis\",\"link_text\":\"Read more\",\"link_style\":\"default\",\"margin\":\"default\",\"item_animation\":true,\"text_align\":\"center\",\"maxwidth\":\"medium\",\"block_align\":\"center\",\"title_style\":\"h4\",\"grid_row_gap\":\"large\",\"animation\":\"none\"},\"children\":[{\"type\":\"grid_item\",\"props\":{\"title\":\"Fast Code Delivery\",\"content\":\"\n\n<p>consumir tiempo en el an\\u00e1lisi es ganar tiempo en c\\u00f3digo<\\\/p>\"}}]}]},{\"type\":\"column\",\"props\":{\"image_position\":\"center-center\",\"media_overlay_gradient\":\"\",\"width_medium\":\"1-3\",\"width_large\":\"auto\",\"order_first\":\"xs\",\"position_sticky_breakpoint\":\"m\"},\"children\":[{\"type\":\"image\",\"props\":{\"margin\":\"default\",\"image_svg_color\":\"emphasis\",\"image\":\"wp-content\\\/uploads\\\/yootheme\\\/enterprise-feature-api.svg\",\"image_border\":\"rounded\",\"image_width\":\"370\",\"image_svg_inline\":true,\"image_svg_animate\":false,\"text_align\":\"center\"}}]},{\"type\":\"column\",\"props\":{\"image_position\":\"center-center\",\"media_overlay_gradient\":\"\",\"width_medium\":\"1-3\",\"vertical_align\":\"middle\",\"width_small\":\"1-2\",\"width_large\":\"expand\",\"position_sticky_breakpoint\":\"m\"},\"children\":[]}]}],\"name\":\"Feature API\"},{\"type\":\"section\",\"props\":{\"style\":\"default\",\"width\":\"default\",\"vertical_align\":\"middle\",\"title_position\":\"top-left\",\"title_rotation\":\"left\",\"title_breakpoint\":\"xl\",\"image_position\":\"center-center\",\"padding\":\"large\",\"padding_remove_bottom\":true,\"id\":\"devops\",\"animation\":\"fade\",\"animation_delay\":\"200\"},\"children\":[{\"type\":\"row\",\"children\":[{\"type\":\"column\",\"props\":{\"image_position\":\"center-center\",\"media_overlay_gradient\":\"\",\"width_medium\":\"1-3\",\"vertical_align\":\"middle\",\"position_sticky_breakpoint\":\"m\"},\"children\":[]},{\"type\":\"column\",\"props\":{\"image_position\":\"center-center\",\"media_overlay_gradient\":\"\",\"width_medium\":\"2-3\",\"position_sticky_breakpoint\":\"m\"},\"children\":[{\"type\":\"image\",\"props\":{\"margin\":\"default\",\"image_svg_color\":\"emphasis\",\"image\":\"wp-content\\\/uploads\\\/yootheme\\\/enterprise-feature-efficient-workflow.svg\",\"image_svg_inline\":false,\"image_svg_animate\":false,\"text_align\":\"center\",\"position\":\"relative\"}}]}],\"props\":{\"layout\":\"1-3,2-3\",\"margin\":\"medium\"}},{\"type\":\"row\",\"props\":{\"margin_remove_top\":false,\"margin_remove_bottom\":false},\"children\":[{\"type\":\"column\",\"props\":{\"image_position\":\"center-center\",\"media_overlay_gradient\":\"\",\"position_sticky_breakpoint\":\"m\"},\"children\":[{\"type\":\"image\",\"props\":{\"margin\":\"default\",\"image_svg_color\":\"emphasis\",\"image\":\"wp-content\\\/uploads\\\/yootheme\\\/background-square-02.png\",\"position\":\"absolute\",\"image_width\":\"1000\",\"position_left\":\"-47vw\",\"position_top\":\"100\",\"visibility\":\"xl\"}},{\"type\":\"divider\",\"props\":{\"divider_element\":\"hr\",\"margin\":\"xlarge\",\"animation\":\"none\"}}]}]}],\"name\":\"Feature Efficient Workflow\"},{\"type\":\"section\",\"props\":{\"style\":\"default\",\"width\":\"\",\"vertical_align\":\"middle\",\"title_position\":\"top-left\",\"title_rotation\":\"left\",\"title_breakpoint\":\"xl\",\"image_position\":\"center-center\",\"padding\":\"large\",\"padding_remove_bottom\":true,\"id\":\"project-management\",\"image\":\"wp-content\\\/uploads\\\/yootheme\\\/enterprise-feature-project-management-bg.svg\",\"media_visibility\":\"m\",\"animation\":\"fade\",\"image_effect\":\"parallax\",\"image_parallax_bgy_start\":\"-130\"},\"children\":[{\"type\":\"row\",\"children\":[{\"type\":\"column\",\"props\":{\"image_position\":\"center-center\",\"media_overlay_gradient\":\"\",\"image\":\"\",\"position_sticky_breakpoint\":\"m\"},\"children\":[]}],\"props\":{\"margin_remove_bottom\":false,\"width\":\"default\",\"margin\":\"xlarge\"}},{\"type\":\"row\",\"children\":[{\"type\":\"column\",\"props\":{\"image_position\":\"center-center\",\"media_overlay_gradient\":\"\",\"image\":\"\",\"padding\":\"none\",\"position_sticky_breakpoint\":\"m\"},\"children\":[]}],\"props\":{\"match\":false,\"margin_remove_bottom\":false,\"margin\":\"xlarge\",\"margin_remove_top\":true}},{\"type\":\"row\",\"children\":[{\"type\":\"column\",\"props\":{\"image_position\":\"center-center\",\"media_overlay_gradient\":\"\",\"position_sticky_breakpoint\":\"m\"},\"children\":[]}],\"props\":{\"margin_remove_top\":true,\"width\":\"default\"}}],\"name\":\"Feature Project Management\"},{\"type\":\"section\",\"props\":{\"style\":\"default\",\"width\":\"default\",\"vertical_align\":\"middle\",\"title_position\":\"top-left\",\"title_rotation\":\"left\",\"title_breakpoint\":\"xl\",\"image_position\":\"center-center\",\"padding\":\"large\",\"padding_remove_bottom\":true,\"id\":\"collaboration\",\"animation\":\"fade\",\"animation_delay\":\"100\"},\"children\":[{\"type\":\"row\",\"children\":[{\"type\":\"column\",\"props\":{\"image_position\":\"center-center\",\"media_overlay_gradient\":\"\",\"position_sticky_breakpoint\":\"m\"},\"children\":[]}]},{\"type\":\"row\",\"props\":{\"layout\":\"1-2,1-2\",\"column_gap\":\"small\",\"row_gap\":\"large\"},\"children\":[{\"type\":\"column\",\"props\":{\"image_position\":\"center-center\",\"media_overlay_gradient\":\"\",\"width_medium\":\"\",\"width_small\":\"1-2\",\"position_sticky_breakpoint\":\"m\"},\"children\":[{\"type\":\"image\",\"props\":{\"margin\":\"large\",\"image_svg_color\":\"emphasis\",\"image\":\"wp-content\\\/uploads\\\/yootheme\\\/enterprise-feature-collaboration.svg\",\"image_svg_inline\":true,\"text_align\":\"center\",\"image_width\":\"380\",\"margin_remove_top\":false}}]},{\"type\":\"column\",\"props\":{\"image_position\":\"center-center\",\"media_overlay_gradient\":\"\",\"width_medium\":\"\",\"width_small\":\"1-2\",\"position_sticky_breakpoint\":\"m\"},\"children\":[{\"type\":\"image\",\"props\":{\"margin\":\"large\",\"image_svg_color\":\"\",\"image\":\"wp-content\\\/uploads\\\/yootheme\\\/enterprise-feature-enterprise-cloud.svg\",\"image_svg_inline\":true,\"text_align\":\"center\",\"image_width\":\"380\"}},{\"type\":\"image\",\"props\":{\"margin\":\"default\",\"image_svg_color\":\"emphasis\",\"image\":\"wp-content\\\/uploads\\\/yootheme\\\/enterprise-feature-enterprise-cloud-floating-icon.svg\",\"image_svg_inline\":true,\"position\":\"absolute\",\"css\":\".el-element {\\n    margin-left: -75px;\\n    width: 150px;\\n    box-shadow: 0 5px 30px rgba(60, 65, 124, 0.12);\\n    border-radius: 50px;\\n    max-width: 45vw;\\n}\\n\",\"position_top\":\"22%\",\"animation\":\"parallax\",\"parallax_y_start\":\"80\",\"parallax_y_end\":\"-20\",\"parallax_easing\":\"-1\",\"parallax_target\":true,\"class\":\"\",\"position_left\":\"50%\"}}]}]}],\"name\":\"Collaboration\"},{\"type\":\"section\",\"props\":{\"style\":\"default\",\"width\":\"\",\"vertical_align\":\"middle\",\"title_position\":\"top-left\",\"title_rotation\":\"left\",\"title_breakpoint\":\"xl\",\"image_position\":\"center-center\",\"padding\":\"large\",\"padding_remove_bottom\":true,\"id\":\"testimonials\"},\"children\":[{\"type\":\"row\",\"children\":[{\"type\":\"column\",\"props\":{\"image_position\":\"center-center\",\"media_overlay_gradient\":\"\",\"image\":\"\",\"position_sticky_breakpoint\":\"m\"},\"children\":[{\"type\":\"headline\",\"props\":{\"title_element\":\"h2\",\"content\":\"Trusted By Clients<br class=\\\"uk-visible@m\\\"> and Industry Experts Alike\",\"text_align\":\"center\",\"title_style\":\"h1\"}},{\"type\":\"button\",\"props\":{\"grid_column_gap\":\"small\",\"grid_row_gap\":\"small\",\"margin\":\"medium\",\"text_align\":\"center\",\"margin_remove_bottom\":true},\"children\":[{\"type\":\"button_item\",\"props\":{\"button_style\":\"text\",\"icon_align\":\"left\",\"content\":\"See All Custumer Stories\",\"link\":\"index.php?post_type=post\"}}]}]}],\"props\":{\"width\":\"default\"}},{\"type\":\"row\",\"children\":[{\"type\":\"column\",\"props\":{\"image_position\":\"center-center\",\"media_overlay_gradient\":\"\",\"position_sticky_breakpoint\":\"m\"},\"children\":[{\"type\":\"overlay-slider\",\"props\":{\"show_title\":true,\"show_meta\":true,\"show_content\":true,\"show_link\":true,\"slider_width\":\"\",\"slider_width_default\":\"1-1\",\"slider_width_medium\":\"4-5\",\"slider_gap\":\"small\",\"slider_autoplay_pause\":true,\"nav\":\"\",\"nav_align\":\"center\",\"nav_breakpoint\":\"s\",\"slidenav\":\"default\",\"slidenav_margin\":\"medium\",\"slidenav_breakpoint\":\"s\",\"slidenav_outside_breakpoint\":\"xl\",\"overlay_mode\":\"cover\",\"overlay_position\":\"bottom-center\",\"overlay_transition\":\"fade\",\"title_hover_style\":\"reset\",\"title_element\":\"h3\",\"meta_style\":\"h5\",\"meta_align\":\"above-title\",\"meta_element\":\"div\",\"link_text\":\"Read Story\",\"link_style\":\"default\",\"text_align\":\"center\",\"margin\":\"large\",\"slider_divider\":false,\"slider_center\":true,\"margin_remove_bottom\":true,\"image_width\":\"800\",\"overlay_hover\":true,\"overlay_transition_background\":false,\"link_margin\":\"xlarge\",\"overlay_padding\":\"large\",\"overlay_link\":true,\"show_hover_image\":true},\"children\":[{\"type\":\"overlay-slider_item\",\"props\":{\"title\":\"\",\"status\":\"\",\"content\":\"\",\"text_color\":\"light\"},\"source\":{\"query\":{\"name\":\"posts.customPosts\",\"arguments\":{\"offset\":1,\"limit\":6,\"order\":\"menu_order\",\"order_direction\":\"DESC\",\"terms\":[4]}},\"props\":{\"image\":{\"name\":\"field.teaser_image.url\"},\"link\":{\"name\":\"link\"},\"image_alt\":{\"name\":\"field.teaser_image.alt\"}}}}],\"modified\":\"2021-01-15T13:44:53.050Z\",\"name\":\"\"}]}],\"props\":{\"margin\":\"large\",\"margin_remove_bottom\":true}}],\"name\":\"Testimonials\"},{\"type\":\"section\",\"props\":{\"style\":\"default\",\"width\":\"default\",\"vertical_align\":\"middle\",\"title_position\":\"top-left\",\"title_rotation\":\"left\",\"title_breakpoint\":\"xl\",\"image_position\":\"center-center\",\"padding\":\"large\",\"padding_remove_bottom\":true,\"id\":\"community\",\"animation\":\"fade\"},\"children\":[{\"type\":\"row\",\"children\":[{\"type\":\"column\",\"props\":{\"image_position\":\"center-center\",\"media_overlay_gradient\":\"\",\"position_sticky_breakpoint\":\"m\"},\"children\":[]}]},{\"type\":\"row\",\"children\":[{\"type\":\"column\",\"props\":{\"image_position\":\"center-center\",\"media_overlay_gradient\":\"\",\"position_sticky_breakpoint\":\"m\"},\"children\":[]}]}],\"name\":\"Community\"},{\"type\":\"section\",\"props\":{\"style\":\"default\",\"width\":\"default\",\"vertical_align\":\"middle\",\"title_position\":\"top-left\",\"title_rotation\":\"left\",\"title_breakpoint\":\"xl\",\"image_position\":\"center-center\",\"padding\":\"large\",\"padding_remove_bottom\":true,\"animation\":\"fade\",\"animation_delay\":\"200\"},\"children\":[{\"type\":\"row\",\"children\":[{\"type\":\"column\",\"props\":{\"image_position\":\"center-center\",\"media_overlay_gradient\":\"\",\"width_medium\":\"1-3\",\"width_small\":\"\",\"position_sticky_breakpoint\":\"m\"},\"children\":[]},{\"type\":\"column\",\"props\":{\"image_position\":\"center-center\",\"media_overlay_gradient\":\"\",\"width_medium\":\"2-3\",\"width_small\":\"\",\"position_sticky_breakpoint\":\"m\"},\"children\":[]}],\"props\":{\"layout\":\"1-3,2-3\",\"column_gap\":\"large\",\"row_gap\":\"large\"}},{\"type\":\"row\",\"children\":[{\"type\":\"column\",\"props\":{\"image_position\":\"center-center\",\"media_overlay_gradient\":\"\",\"position_sticky_breakpoint\":\"m\"},\"children\":[{\"type\":\"image\",\"props\":{\"margin\":\"default\",\"image_svg_color\":\"emphasis\",\"image\":\"wp-content\\\/uploads\\\/yootheme\\\/background-square-01.png\",\"image_width\":\"900\",\"position\":\"absolute\",\"position_left\":\"-40vw\",\"visibility\":\"l\"}},{\"type\":\"image\",\"props\":{\"margin\":\"default\",\"image_svg_color\":\"emphasis\",\"image\":\"wp-content\\\/uploads\\\/yootheme\\\/background-square-05.png\",\"image_width\":\"450\",\"position\":\"absolute\",\"text_align\":\"right\",\"position_right\":\"-16vw\",\"visibility\":\"l\"}}]}],\"props\":{\"margin\":\"remove-vertical\"}}],\"name\":\"Feature Grid\"},{\"type\":\"section\",\"props\":{\"style\":\"default\",\"width\":\"large\",\"vertical_align\":\"middle\",\"title_position\":\"top-left\",\"title_rotation\":\"left\",\"title_breakpoint\":\"xl\",\"image_position\":\"center-center\",\"padding\":\"xlarge\",\"padding_remove_bottom\":true,\"padding_remove_top\":false,\"animation\":\"fade\"},\"children\":[{\"type\":\"row\",\"children\":[{\"type\":\"column\",\"props\":{\"image_position\":\"center-center\",\"media_overlay_gradient\":\"\",\"position_sticky_breakpoint\":\"m\"},\"children\":[]}],\"props\":{\"width\":\"default\"}},{\"type\":\"row\",\"props\":{\"width\":\"small\"},\"children\":[{\"type\":\"column\",\"props\":{\"image_position\":\"center-center\",\"media_overlay_gradient\":\"\",\"position_sticky_breakpoint\":\"m\"},\"children\":[]}]},{\"type\":\"row\",\"props\":{\"margin\":\"large\",\"margin_remove_bottom\":true},\"children\":[{\"type\":\"column\",\"props\":{\"image_position\":\"center-center\",\"media_overlay_gradient\":\"\",\"position_sticky_breakpoint\":\"m\"},\"children\":[{\"type\":\"divider\",\"props\":{\"divider_element\":\"hr\",\"margin\":\"xlarge\"}}]}]}],\"name\":\"Pricing\"}],\"version\":\"2.7.17\"} --><\/p>\n","protected":false},"excerpt":{"rendered":"<p>Endless Possibilities With SoftGam team un especialista en cada \u00e1rea, te dar\u00e1 la mejor soluci\u00f3n. Explicanos Powerful API Efficient Workflow Project Management Collaboration Customer Stories Community Powerful API for Clean Code nuestro c\u00f3digo nuestra carta de presentaci\u00f3n Fast Code Delivery consumir tiempo en el an\u00e1lisi es ganar tiempo en c\u00f3digo Trusted By Clients and Industry [&hellip;]<\/p>\n","protected":false},"author":1,"featured_media":0,"parent":0,"menu_order":7,"comment_status":"open","ping_status":"open","template":"","meta":{"_acf_changed":false,"footnotes":""},"class_list":["post-2","page","type-page","status-publish","hentry"],"acf":[],"_links":{"self":[{"href":"https:\/\/www.softgam.net\/index.php?rest_route=\/wp\/v2\/pages\/2","targetHints":{"allow":["GET"]}}],"collection":[{"href":"https:\/\/www.softgam.net\/index.php?rest_route=\/wp\/v2\/pages"}],"about":[{"href":"https:\/\/www.softgam.net\/index.php?rest_route=\/wp\/v2\/types\/page"}],"author":[{"embeddable":true,"href":"https:\/\/www.softgam.net\/index.php?rest_route=\/wp\/v2\/users\/1"}],"replies":[{"embeddable":true,"href":"https:\/\/www.softgam.net\/index.php?rest_route=%2Fwp%2Fv2%2Fcomments&post=2"}],"version-history":[{"count":18,"href":"https:\/\/www.softgam.net\/index.php?rest_route=\/wp\/v2\/pages\/2\/revisions"}],"predecessor-version":[{"id":1518,"href":"https:\/\/www.softgam.net\/index.php?rest_route=\/wp\/v2\/pages\/2\/revisions\/1518"}],"wp:attachment":[{"href":"https:\/\/www.softgam.net\/index.php?rest_route=%2Fwp%2Fv2%2Fmedia&parent=2"}],"curies":[{"name":"wp","href":"https:\/\/api.w.org\/{rel}","templated":true}]}}